{"id":30,"date":"2016-10-21T10:15:07","date_gmt":"2016-10-21T08:15:07","guid":{"rendered":"http:\/\/hartwig-stark.de\/?page_id=30"},"modified":"2025-01-24T10:04:37","modified_gmt":"2025-01-24T09:04:37","slug":"ueber-mich","status":"publish","type":"page","link":"https:\/\/hartwig-stark.de\/?page_id=30","title":{"rendered":"\u00dcber mich"},"content":{"rendered":"<p style=\"text-align: center;\"><strong>\u00dcber mich<\/strong><\/p>\n<p style=\"text-align: center;\"><img loading=\"lazy\" decoding=\"async\" class=\"aligncenter wp-image-395 size-full\" src=\"http:\/\/hartwig-stark.de\/wp-content\/uploads\/2016\/10\/MS_1349.jpg\" alt=\"ms_1349\" width=\"1024\" height=\"683\" srcset=\"https:\/\/hartwig-stark.de\/wp-content\/uploads\/2016\/10\/MS_1349.jpg 1024w, https:\/\/hartwig-stark.de\/wp-content\/uploads\/2016\/10\/MS_1349-300x200.jpg 300w, https:\/\/hartwig-stark.de\/wp-content\/uploads\/2016\/10\/MS_1349-768x512.jpg 768w\" sizes=\"auto, (max-width: 1024px) 100vw, 1024px\" \/><\/p>\n<p style=\"text-align: center;\">Seit \u00fcber zwanzig Jahren ist das Fotografieren eines meiner wichtigsten Hobbys.<br \/>\nEs macht mir Spa\u00df, im Allt\u00e4glichen interessante Motive zu suchen und in angemessener Form ins Bild zu setzen.<br \/>\nNat\u00fcrlich spielen auch Reise- und Urlaubsfotografie eine gro\u00dfe Rolle.<br \/>\nThematisch bin ich nicht festgelegt. Von Portr\u00e4t bis Makro &#8211; ich kann mich f\u00fcr nahezu alle Motive begeistern.<\/p>\n<p style=\"text-align: center;\">Besonders viel Freude habe ich daran, mit Gleichgesinnten auf Fototour zu gehen und \u00fcber die Ergebnisse zu diskutieren.<\/p>\n<p style=\"text-align: center;\">Ich bin in mehreren Fotoclubs aktiv, unter anderem in der <a href=\"http:\/\/www.fotoclub-lu.de\" target=\"_blank\" rel=\"noopener noreferrer\">FGL Fotografische Gesellschaft Ludwigshafen e.V. <\/a>und der <a href=\"http:\/\/www.wfm-online.org\" target=\"_blank\" rel=\"noopener noreferrer\">Werkst\u00e4tte Fotografie Mannheim e.V.<\/a>.<\/p>\n<p style=\"text-align: center;\">Zurzeit arbeite ich mit spiegellosen Systemkameras der Marke Fujifilm. Die Bildbearbeitung mache ich vor allem in Lightroom, Photoshop, X RAW Studio, Hugin und Helicon Focus Pro.<\/p>\n<p style=\"text-align: center;\">\n","protected":false},"excerpt":{"rendered":"<p>\u00dcber mich Seit \u00fcber zwanzig Jahren ist das Fotografieren eines meiner wichtigsten Hobbys. Es macht mir Spa\u00df, im Allt\u00e4glichen interessante Motive zu suchen und in angemessener Form ins Bild zu setzen. Nat\u00fcrlich spielen auch Reise- und Urlaubsfotografie eine gro\u00dfe Rolle. Thematisch bin ich nicht festgelegt. Von Portr\u00e4t bis Makro &#8211; ich kann mich f\u00fcr nahezu&hellip;<\/p>\n","protected":false},"author":1,"featured_media":0,"parent":0,"menu_order":0,"comment_status":"closed","ping_status":"closed","template":"","meta":{"footnotes":""},"class_list":["post-30","page","type-page","status-publish","hentry","no-post-thumbnail","post-grid-3-col","entry"],"post_mailing_queue_ids":[],"_links":{"self":[{"href":"https:\/\/hartwig-stark.de\/index.php?rest_route=\/wp\/v2\/pages\/30","targetHints":{"allow":["GET"]}}],"collection":[{"href":"https:\/\/hartwig-stark.de\/index.php?rest_route=\/wp\/v2\/pages"}],"about":[{"href":"https:\/\/hartwig-stark.de\/index.php?rest_route=\/wp\/v2\/types\/page"}],"author":[{"embeddable":true,"href":"https:\/\/hartwig-stark.de\/index.php?rest_route=\/wp\/v2\/users\/1"}],"replies":[{"embeddable":true,"href":"https:\/\/hartwig-stark.de\/index.php?rest_route=%2Fwp%2Fv2%2Fcomments&post=30"}],"version-history":[{"count":15,"href":"https:\/\/hartwig-stark.de\/index.php?rest_route=\/wp\/v2\/pages\/30\/revisions"}],"predecessor-version":[{"id":12770,"href":"https:\/\/hartwig-stark.de\/index.php?rest_route=\/wp\/v2\/pages\/30\/revisions\/12770"}],"wp:attachment":[{"href":"https:\/\/hartwig-stark.de\/index.php?rest_route=%2Fwp%2Fv2%2Fmedia&parent=30"}],"curies":[{"name":"wp","href":"https:\/\/api.w.org\/{rel}","templated":true}]}}