{"id":19,"date":"2016-10-20T18:56:59","date_gmt":"2016-10-20T16:56:59","guid":{"rendered":"http:\/\/hartwig-stark.de\/?page_id=19"},"modified":"2020-09-14T10:24:28","modified_gmt":"2020-09-14T08:24:28","slug":"start","status":"publish","type":"page","link":"https:\/\/hartwig-stark.de\/","title":{"rendered":"Start"},"content":{"rendered":"<p style=\"text-align: center;\">\t\r\n\t\t\r\n\t<div id=\"meteor-slideshow\" class=\"meteor-slides  navprevnext\">\r\n\t\r\n\t\t\t\r\n\t\t\t\r\n\t\t\t<ul class=\"meteor-nav\">\r\n\t\t\r\n\t\t\t\t<li id=\"meteor-prev\" class=\"prev\"><a href=\"#prev\">Previous<\/a><\/li>\r\n\t\t\t\r\n\t\t\t\t<li id=\"meteor-next\" class=\"next\"><a href=\"#next\">Next<\/a><\/li>\r\n\t\t\t\r\n\t\t\t<\/ul><!-- .meteor-nav -->\r\n\t\t\r\n\t\t\t\t\r\n\t\t\t\r\n\t\t<div class=\"meteor-clip\">\r\n\t\r\n\t\t\t\t\r\n\t\t\t<img decoding=\"async\" style=\"visibility: hidden;\" class=\"meteor-shim\" src=\"https:\/\/hartwig-stark.de\/wp-content\/uploads\/2017\/02\/Wetzlar-003-900x600.jpg\" alt=\"\" \/>\r\n\t\t\t<div class=\"mslide mslide-1\">\r\n\t\t\t\t\r\n\t\t\t\t\t\t\t\t\t\r\n\t\t\t\t\t<img loading=\"lazy\" decoding=\"async\" width=\"900\" height=\"600\" src=\"https:\/\/hartwig-stark.de\/wp-content\/uploads\/2017\/02\/Wetzlar-003-900x600.jpg\" class=\"attachment-featured-slide size-featured-slide wp-post-image\" alt=\"\" title=\"a\" srcset=\"https:\/\/hartwig-stark.de\/wp-content\/uploads\/2017\/02\/Wetzlar-003-900x600.jpg 900w, https:\/\/hartwig-stark.de\/wp-content\/uploads\/2017\/02\/Wetzlar-003-300x200.jpg 300w, https:\/\/hartwig-stark.de\/wp-content\/uploads\/2017\/02\/Wetzlar-003-768x512.jpg 768w, https:\/\/hartwig-stark.de\/wp-content\/uploads\/2017\/02\/Wetzlar-003-250x167.jpg 250w, https:\/\/hartwig-stark.de\/wp-content\/uploads\/2017\/02\/Wetzlar-003.jpg 1400w\" sizes=\"auto, (max-width: 900px) 100vw, 900px\" itemprop=\"image\" \/>\t\t\t\t\t\r\n\t\t\t\t\t\t\t\r\n\t\t\t<\/div><!-- .mslide -->\r\n\t\t\t\r\n\t\t\t\t\t\t\r\n\t\t\t\t\r\n\t\t\t\r\n\t\t\t<div class=\"mslide mslide-2\">\r\n\t\t\t\t\r\n\t\t\t\t\t\t\t\t\t\r\n\t\t\t\t\t<img loading=\"lazy\" decoding=\"async\" width=\"900\" height=\"600\" src=\"https:\/\/hartwig-stark.de\/wp-content\/uploads\/2016\/10\/V\u00f6lklinger_H\u00fctte-001.jpg\" class=\"attachment-featured-slide size-featured-slide wp-post-image\" alt=\"\" title=\"b\" srcset=\"https:\/\/hartwig-stark.de\/wp-content\/uploads\/2016\/10\/V\u00f6lklinger_H\u00fctte-001.jpg 1400w, https:\/\/hartwig-stark.de\/wp-content\/uploads\/2016\/10\/V\u00f6lklinger_H\u00fctte-001-300x200.jpg 300w, https:\/\/hartwig-stark.de\/wp-content\/uploads\/2016\/10\/V\u00f6lklinger_H\u00fctte-001-768x512.jpg 768w\" sizes=\"auto, (max-width: 900px) 100vw, 900px\" itemprop=\"image\" \/>\t\t\t\t\t\r\n\t\t\t\t\t\t\t\r\n\t\t\t<\/div><!-- .mslide -->\r\n\t\t\t\r\n\t\t\t\t\t\t\r\n\t\t\t\t\r\n\t\t\t\r\n\t\t\t<div class=\"mslide mslide-3\">\r\n\t\t\t\t\r\n\t\t\t\t\t\t\t\t\t\r\n\t\t\t\t\t<img loading=\"lazy\" decoding=\"async\" width=\"900\" height=\"600\" src=\"https:\/\/hartwig-stark.de\/wp-content\/uploads\/2017\/03\/Sandbahn-900x600.jpg\" class=\"attachment-featured-slide size-featured-slide wp-post-image\" alt=\"\" title=\"c\" srcset=\"https:\/\/hartwig-stark.de\/wp-content\/uploads\/2017\/03\/Sandbahn-900x600.jpg 900w, https:\/\/hartwig-stark.de\/wp-content\/uploads\/2017\/03\/Sandbahn-300x200.jpg 300w, https:\/\/hartwig-stark.de\/wp-content\/uploads\/2017\/03\/Sandbahn-768x512.jpg 768w, https:\/\/hartwig-stark.de\/wp-content\/uploads\/2017\/03\/Sandbahn-250x167.jpg 250w, https:\/\/hartwig-stark.de\/wp-content\/uploads\/2017\/03\/Sandbahn.jpg 1400w\" sizes=\"auto, (max-width: 900px) 100vw, 900px\" itemprop=\"image\" \/>\t\t\t\t\t\r\n\t\t\t\t\t\t\t\r\n\t\t\t<\/div><!-- .mslide -->\r\n\t\t\t\r\n\t\t\t\t\t\t\r\n\t\t\t\t\r\n\t\t\t\r\n\t\t\t<div class=\"mslide mslide-4\">\r\n\t\t\t\t\r\n\t\t\t\t\t\t\t\t\t\r\n\t\t\t\t\t<img loading=\"lazy\" decoding=\"async\" width=\"900\" height=\"600\" src=\"https:\/\/hartwig-stark.de\/wp-content\/uploads\/2016\/10\/Worms_Fabrik-004-900x600.jpg\" class=\"attachment-featured-slide size-featured-slide wp-post-image\" alt=\"\" title=\"e\" srcset=\"https:\/\/hartwig-stark.de\/wp-content\/uploads\/2016\/10\/Worms_Fabrik-004-900x600.jpg 900w, https:\/\/hartwig-stark.de\/wp-content\/uploads\/2016\/10\/Worms_Fabrik-004-300x200.jpg 300w, https:\/\/hartwig-stark.de\/wp-content\/uploads\/2016\/10\/Worms_Fabrik-004-768x512.jpg 768w, https:\/\/hartwig-stark.de\/wp-content\/uploads\/2016\/10\/Worms_Fabrik-004.jpg 1400w, https:\/\/hartwig-stark.de\/wp-content\/uploads\/2016\/10\/Worms_Fabrik-004-250x167.jpg 250w\" sizes=\"auto, (max-width: 900px) 100vw, 900px\" itemprop=\"image\" \/>\t\t\t\t\t\r\n\t\t\t\t\t\t\t\r\n\t\t\t<\/div><!-- .mslide -->\r\n\t\t\t\r\n\t\t\t\t\t\t\r\n\t\t\t\t\r\n\t\t\t\r\n\t\t\t<div class=\"mslide mslide-5\">\r\n\t\t\t\t\r\n\t\t\t\t\t\t\t\t\t\r\n\t\t\t\t\t<img loading=\"lazy\" decoding=\"async\" width=\"900\" height=\"600\" src=\"https:\/\/hartwig-stark.de\/wp-content\/uploads\/2017\/07\/\u00d6sterreich-2017-008-900x600.jpg\" class=\"attachment-featured-slide size-featured-slide wp-post-image\" alt=\"\" title=\"\" srcset=\"https:\/\/hartwig-stark.de\/wp-content\/uploads\/2017\/07\/\u00d6sterreich-2017-008-900x600.jpg 900w, https:\/\/hartwig-stark.de\/wp-content\/uploads\/2017\/07\/\u00d6sterreich-2017-008-300x200.jpg 300w, https:\/\/hartwig-stark.de\/wp-content\/uploads\/2017\/07\/\u00d6sterreich-2017-008-768x512.jpg 768w, https:\/\/hartwig-stark.de\/wp-content\/uploads\/2017\/07\/\u00d6sterreich-2017-008-250x167.jpg 250w, https:\/\/hartwig-stark.de\/wp-content\/uploads\/2017\/07\/\u00d6sterreich-2017-008.jpg 1400w\" sizes=\"auto, (max-width: 900px) 100vw, 900px\" itemprop=\"image\" \/>\t\t\t\t\t\r\n\t\t\t\t\t\t\t\r\n\t\t\t<\/div><!-- .mslide -->\r\n\t\t\t\r\n\t\t\t\t\t\t\r\n\t\t\t\t\r\n\t\t\t\r\n\t\t\t<div class=\"mslide mslide-6\">\r\n\t\t\t\t\r\n\t\t\t\t\t\t\t\t\t\r\n\t\t\t\t\t<img loading=\"lazy\" decoding=\"async\" width=\"900\" height=\"600\" src=\"https:\/\/hartwig-stark.de\/wp-content\/uploads\/2017\/06\/Makros-001-900x600.jpg\" class=\"attachment-featured-slide size-featured-slide wp-post-image\" alt=\"\" title=\"\" srcset=\"https:\/\/hartwig-stark.de\/wp-content\/uploads\/2017\/06\/Makros-001-900x600.jpg 900w, https:\/\/hartwig-stark.de\/wp-content\/uploads\/2017\/06\/Makros-001-300x200.jpg 300w, https:\/\/hartwig-stark.de\/wp-content\/uploads\/2017\/06\/Makros-001-768x512.jpg 768w, https:\/\/hartwig-stark.de\/wp-content\/uploads\/2017\/06\/Makros-001-250x167.jpg 250w, https:\/\/hartwig-stark.de\/wp-content\/uploads\/2017\/06\/Makros-001.jpg 1400w\" sizes=\"auto, (max-width: 900px) 100vw, 900px\" itemprop=\"image\" \/>\t\t\t\t\t\r\n\t\t\t\t\t\t\t\r\n\t\t\t<\/div><!-- .mslide -->\r\n\t\t\t\r\n\t\t\t\t\t\t\r\n\t\t\t\t\r\n\t\t\t\r\n\t\t\t<div class=\"mslide mslide-7\">\r\n\t\t\t\t\r\n\t\t\t\t\t\t\t\t\t\r\n\t\t\t\t\t<img loading=\"lazy\" decoding=\"async\" width=\"900\" height=\"600\" src=\"https:\/\/hartwig-stark.de\/wp-content\/uploads\/2016\/10\/Feuerwerk-001.jpg\" class=\"attachment-featured-slide size-featured-slide wp-post-image\" alt=\"\" title=\"d\" srcset=\"https:\/\/hartwig-stark.de\/wp-content\/uploads\/2016\/10\/Feuerwerk-001.jpg 1400w, https:\/\/hartwig-stark.de\/wp-content\/uploads\/2016\/10\/Feuerwerk-001-300x200.jpg 300w, https:\/\/hartwig-stark.de\/wp-content\/uploads\/2016\/10\/Feuerwerk-001-768x512.jpg 768w\" sizes=\"auto, (max-width: 900px) 100vw, 900px\" itemprop=\"image\" \/>\t\t\t\t\t\r\n\t\t\t\t\t\t\t\r\n\t\t\t<\/div><!-- .mslide -->\r\n\t\t\t\r\n\t\t\t\t\t\t\r\n\t\t\t\t\r\n\t\t\t\r\n\t\t\t<div class=\"mslide mslide-8\">\r\n\t\t\t\t\r\n\t\t\t\t\t\t\t\t\t\r\n\t\t\t\t\t<img loading=\"lazy\" decoding=\"async\" width=\"900\" height=\"600\" src=\"https:\/\/hartwig-stark.de\/wp-content\/uploads\/2016\/10\/V\u00f6lklinger_H\u00fctte-037.jpg\" class=\"attachment-featured-slide size-featured-slide wp-post-image\" alt=\"\" title=\"f\" srcset=\"https:\/\/hartwig-stark.de\/wp-content\/uploads\/2016\/10\/V\u00f6lklinger_H\u00fctte-037.jpg 1400w, https:\/\/hartwig-stark.de\/wp-content\/uploads\/2016\/10\/V\u00f6lklinger_H\u00fctte-037-300x200.jpg 300w, https:\/\/hartwig-stark.de\/wp-content\/uploads\/2016\/10\/V\u00f6lklinger_H\u00fctte-037-768x512.jpg 768w\" sizes=\"auto, (max-width: 900px) 100vw, 900px\" itemprop=\"image\" \/>\t\t\t\t\t\r\n\t\t\t\t\t\t\t\r\n\t\t\t<\/div><!-- .mslide -->\r\n\t\t\t\r\n\t\t\t\t\t\t\r\n\t\t\t\t\r\n\t\t\t\r\n\t\t\t<div class=\"mslide mslide-9\">\r\n\t\t\t\t\r\n\t\t\t\t\t\t\t\t\t\r\n\t\t\t\t\t<img loading=\"lazy\" decoding=\"async\" width=\"900\" height=\"600\" src=\"https:\/\/hartwig-stark.de\/wp-content\/uploads\/2016\/10\/Nordbr\u00fcckenkopf-005.jpg\" class=\"attachment-featured-slide size-featured-slide wp-post-image\" alt=\"\" title=\"g\" srcset=\"https:\/\/hartwig-stark.de\/wp-content\/uploads\/2016\/10\/Nordbr\u00fcckenkopf-005.jpg 1400w, https:\/\/hartwig-stark.de\/wp-content\/uploads\/2016\/10\/Nordbr\u00fcckenkopf-005-300x200.jpg 300w, https:\/\/hartwig-stark.de\/wp-content\/uploads\/2016\/10\/Nordbr\u00fcckenkopf-005-768x512.jpg 768w\" sizes=\"auto, (max-width: 900px) 100vw, 900px\" itemprop=\"image\" \/>\t\t\t\t\t\r\n\t\t\t\t\t\t\t\r\n\t\t\t<\/div><!-- .mslide -->\r\n\t\t\t\r\n\t\t\t\t\t\t\r\n\t\t\t\t\r\n\t\t<\/div><!-- .meteor-clip -->\r\n\t\t\t\t\r\n\t\t\t\t\t\r\n\t<\/div><!-- .meteor-slides -->\r\n\t\r\n\t<\/p>\n<p style=\"text-align: center;\">Zufall oder Absicht &#8211; jedenfalls sind Sie auf meiner Website gelandet.<br \/>\nHier zeige ich vor allem Fotos, die ich in der\u00a0letzten Zeit\u00a0aufgenommen habe.<br \/>\nDazu einige erl\u00e4uternde Texte.<br \/>\nBilder von aktuellen Fototouren sind im &#8222;Foto-Blog&#8220; zu finden, thematisch geordnete Aufnahmen in der &#8222;Galerie&#8220;.<br \/>\nNach und nach sollen weitere Inhalte hinzukommen.<\/p>\n<p style=\"text-align: center;\">Ich freue mich \u00fcber Kommentare.<\/p>\n<p style=\"text-align: center;\">Viel Spa\u00df beim Anschauen!<\/p>\n<p style=\"text-align: center;\">Wenn Sie automatisch \u00fcber neue Eintr\u00e4ge in meinem Foto-Blog informiert werden m\u00f6chten,<br \/>\nk\u00f6nnen Sie hier E-Mail-Benachrichtigungen\u00a0abonnieren<br \/>\n(und selbstverst\u00e4ndlich jederzeit wieder abbestellen):<\/p>\n<p style=\"text-align: center;\"><div class=\"emaillist\" id=\"es_form_f0-n1\"><form action=\"\/index.php?rest_route=%2Fwp%2Fv2%2Fpages%2F19#es_form_f0-n1\" method=\"post\" class=\"es_subscription_form es_shortcode_form  es_ajax_subscription_form\" id=\"es_subscription_form_69e2caf4e5d89\" data-source=\"ig-es\" data-form-id=\"0\"><div class=\"es-field-wrap\"><label>Name<br \/><input type=\"text\" name=\"esfpx_name\" class=\"ig_es_form_field_name\" placeholder=\"\" value=\"\" \/><\/label><\/div><div class=\"es-field-wrap ig-es-form-field\"><label class=\"es-field-label\">E-Mail*<br \/><input class=\"es_required_field es_txt_email ig_es_form_field_email ig-es-form-input\" type=\"email\" name=\"esfpx_email\" value=\"\" placeholder=\"\" required=\"required\" \/><\/label><\/div><input type=\"hidden\" name=\"esfpx_lists[]\" value=\"24d880664366\" \/><input type=\"hidden\" name=\"esfpx_form_id\" value=\"0\" \/><input type=\"hidden\" name=\"es\" value=\"subscribe\" \/>\n\t\t\t<input type=\"hidden\" name=\"esfpx_es_form_identifier\" value=\"f0-n1\" \/>\n\t\t\t<input type=\"hidden\" name=\"esfpx_es_email_page\" value=\"19\" \/>\n\t\t\t<input type=\"hidden\" name=\"esfpx_es_email_page_url\" value=\"https:\/\/hartwig-stark.de\/\" \/>\n\t\t\t<input type=\"hidden\" name=\"esfpx_status\" value=\"Unconfirmed\" \/>\n\t\t\t<input type=\"hidden\" name=\"esfpx_es-subscribe\" id=\"es-subscribe-69e2caf4e5d89\" value=\"7048dd8922\" \/>\n\t\t\t<label style=\"position:absolute;top:-99999px;left:-99999px;z-index:-99;\" aria-hidden=\"true\"><span hidden>Bitte lasse dieses Feld leer.<\/span><input type=\"email\" name=\"esfpx_es_hp_email\" class=\"es_required_field\" tabindex=\"-1\" autocomplete=\"-1\" value=\"\" \/><\/label><input type=\"submit\" name=\"submit\" class=\"es_subscription_form_submit es_submit_button es_textbox_button\" id=\"es_subscription_form_submit_69e2caf4e5d89\" value=\"Abonnieren\" \/><span class=\"es_spinner_image\" id=\"spinner-image\"><img decoding=\"async\" src=\"https:\/\/hartwig-stark.de\/wp-content\/plugins\/email-subscribers\/lite\/public\/images\/spinner.gif\" alt=\"Loading\" \/><\/span><\/form><span class=\"es_subscription_message \" id=\"es_subscription_message_69e2caf4e5d89\" role=\"alert\" aria-live=\"assertive\"><\/span><\/div><\/p>\n<pre style=\"text-align: center;\"><\/pre>\n<p>[cookies_revoke]<\/p>\n","protected":false},"excerpt":{"rendered":"<p>Zufall oder Absicht &#8211; jedenfalls sind Sie auf meiner Website gelandet. Hier zeige ich vor allem Fotos, die ich in der\u00a0letzten Zeit\u00a0aufgenommen habe. Dazu einige erl\u00e4uternde Texte. Bilder von aktuellen Fototouren sind im &#8222;Foto-Blog&#8220; zu finden, thematisch geordnete Aufnahmen in der &#8222;Galerie&#8220;. Nach und nach sollen weitere Inhalte hinzukommen. Ich freue mich \u00fcber Kommentare. Viel&hellip;<\/p>\n","protected":false},"author":1,"featured_media":0,"parent":0,"menu_order":0,"comment_status":"closed","ping_status":"closed","template":"","meta":{"footnotes":""},"class_list":["post-19","page","type-page","status-publish","hentry","no-post-thumbnail","post-grid-3-col","entry"],"post_mailing_queue_ids":[],"_links":{"self":[{"href":"https:\/\/hartwig-stark.de\/index.php?rest_route=\/wp\/v2\/pages\/19","targetHints":{"allow":["GET"]}}],"collection":[{"href":"https:\/\/hartwig-stark.de\/index.php?rest_route=\/wp\/v2\/pages"}],"about":[{"href":"https:\/\/hartwig-stark.de\/index.php?rest_route=\/wp\/v2\/types\/page"}],"author":[{"embeddable":true,"href":"https:\/\/hartwig-stark.de\/index.php?rest_route=\/wp\/v2\/users\/1"}],"replies":[{"embeddable":true,"href":"https:\/\/hartwig-stark.de\/index.php?rest_route=%2Fwp%2Fv2%2Fcomments&post=19"}],"version-history":[{"count":13,"href":"https:\/\/hartwig-stark.de\/index.php?rest_route=\/wp\/v2\/pages\/19\/revisions"}],"predecessor-version":[{"id":6639,"href":"https:\/\/hartwig-stark.de\/index.php?rest_route=\/wp\/v2\/pages\/19\/revisions\/6639"}],"wp:attachment":[{"href":"https:\/\/hartwig-stark.de\/index.php?rest_route=%2Fwp%2Fv2%2Fmedia&parent=19"}],"curies":[{"name":"wp","href":"https:\/\/api.w.org\/{rel}","templated":true}]}}